{"id":14,"date":"2022-05-24T14:57:58","date_gmt":"2022-05-24T14:57:58","guid":{"rendered":"https:\/\/startersites.io\/blocksy\/barber-shop\/?page_id=14"},"modified":"2025-05-19T04:14:49","modified_gmt":"2025-05-19T02:14:49","slug":"about","status":"publish","type":"page","link":"https:\/\/chrisclasses.com\/?page_id=14","title":{"rendered":"Sobre mi"},"content":{"rendered":"\n<div class=\"wp-block-stackable-columns alignfull stk-block-columns stk-block stk-2745f65 stk-block-background stk--has-background-overlay\" data-block-id=\"2745f65\"><style>.stk-2745f65 {background-color:var(--theme-palette-color-4, #1A1E21) !important;background-image:url(https:\/\/chrisclasses.com\/wp-content\/uploads\/2025\/05\/pexels-photo-3616959.webp) !important;padding-top:100px !important;padding-bottom:100px !important;margin-bottom:0px !important;}.stk-2745f65:before{background-color:var(--theme-palette-color-4, #1A1E21) !important;opacity:0.9 !important;}<\/style><div class=\"stk-row stk-inner-blocks stk-block-content stk-content-align stk-2745f65-column\">\n<div class=\"wp-block-stackable-column stk-block-column stk-column stk-block stk-1764027\" data-v=\"4\" data-block-id=\"1764027\"><style>.stk-1764027-container{margin-top:0px !important;margin-right:0px !important;margin-bottom:0px !important;margin-left:0px !important;}<\/style><div class=\"stk-column-wrapper stk-block-column__content stk-container stk-1764027-container stk--no-background stk--no-padding\"><div class=\"stk-block-content stk-inner-blocks stk-1764027-inner-blocks\">\n<div class=\"wp-block-stackable-heading stk-block-heading stk-block-heading--v2 stk-block stk-98c76d6\" id=\"mi-nombre-es-christian-dominguez\" data-block-id=\"98c76d6\"><style>.stk-98c76d6 .stk-block-heading__text{font-size:71px !important;color:var(--theme-palette-color-8, #ffffff) !important;font-family:\"Inter\", Sans-serif !important;}@media screen and (max-width:999px){.stk-98c76d6 .stk-block-heading__text{font-size:35px !important;}}<\/style><h2 class=\"stk-block-heading__text has-text-color has-text-align-center\">Mi nombre es Christian Dominguez<\/h2><\/div>\n<\/div><\/div><\/div>\n<\/div><\/div>\n\n\n\n<div class=\"wp-block-stackable-columns alignfull stk-block-columns stk-block stk-15a816e stk-block-background\" data-block-id=\"15a816e\"><style>.stk-15a816e {background-color:#0693e3 !important;padding-top:100px !important;padding-bottom:100px !important;margin-bottom:0px !important;}.stk-15a816e:before{background-color:#0693e3 !important;}.stk-15a816e-column{--stk-column-gap:100px !important;row-gap:50px !important;}@media screen and (max-width:999px){.stk-15a816e {padding-top:60px !important;padding-bottom:60px !important;}}<\/style><div class=\"stk-row stk-inner-blocks stk-block-content stk-content-align stk-15a816e-column\">\n<div class=\"wp-block-stackable-column stk-block-column stk-column stk-block stk-0c21965\" data-v=\"4\" data-block-id=\"0c21965\"><style>.stk-0c21965-container{margin-top:0px !important;margin-right:0px !important;margin-bottom:0px !important;margin-left:0px !important;}<\/style><div class=\"stk-column-wrapper stk-block-column__content stk-container stk-0c21965-container stk--no-background stk--no-padding\"><div class=\"stk-block-content stk-inner-blocks stk-0c21965-inner-blocks\">\n<div class=\"wp-block-stackable-heading stk-block-heading stk-block-heading--v2 stk-block stk-a0b6678 stk-block-background\" id=\"y-soy-profesor-de-ingles-llevo-ensenando-presencialmente-en-mi-pais-y-online-la-mayor-parte-del-tiempo-por-casi-6-anos-mi-objetivo-y-meta-es-mejorar-cada-dia-en-mi-ensenanza-del-idioma-ingles\" data-block-id=\"a0b6678\"><style>.stk-a0b6678 {background-color:#0693e3 !important;margin-bottom:30px !important;}.stk-a0b6678:before{background-color:#0693e3 !important;}.stk-a0b6678 .stk-block-heading__text{font-size:50px !important;color:#ffffff !important;font-family:\"Inter\", Sans-serif !important;}@media screen and (max-width:999px){.stk-a0b6678 .stk-block-heading__text{font-size:35px !important;}}<\/style><h2 class=\"stk-block-heading__text has-text-color has-text-align-center-tablet\">Y soy profesor de ingles , llevo ense\u00f1ando presencialmente en mi pais y online la mayor parte del tiempo por casi 6 a\u00f1os . Mi objetivo y meta es mejorar cada dia en mi ense\u00f1anza del idioma ingles .<\/h2><\/div>\n<\/div><\/div><\/div>\n<\/div><\/div>\n\n\n\n<p><\/p>\n","protected":false},"excerpt":{"rendered":"<p>Mi nombre es Christian Dominguez Y soy profesor de ingles , llevo ense\u00f1ando presencialmente en mi pais y online la mayor parte del tiempo por casi 6 a\u00f1os . Mi objetivo y meta es mejorar cada dia en mi ense\u00f1anza del idioma ingles .<\/p>\n","protected":false},"author":1,"featured_media":0,"parent":0,"menu_order":0,"comment_status":"closed","ping_status":"closed","template":"","meta":{"footnotes":""},"class_list":["post-14","page","type-page","status-publish","hentry"],"blocksy_meta":{"styles_descriptor":{"styles":{"desktop":"","tablet":"","mobile":""},"google_fonts":[],"version":6},"page_title_panel":"","has_hero_section":"disabled","1f03916223e497f902b6ea1f41879de5":"","hero_section":"type-1","hero_elements":[{"id":"custom_title","enabled":true,"heading_tag":"h1","title":"Home"},{"id":"custom_description","enabled":true,"description_visibility":{"desktop":true,"tablet":true,"mobile":false}},{"id":"custom_meta","enabled":false,"meta_elements":[{"id":"author","enabled":true,"label":"By","has_author_avatar":"yes","avatar_size":25},{"id":"post_date","enabled":true,"label":"On","date_format_source":"default","date_format":"M j, Y"},{"id":"updated_date","enabled":false,"label":"On","date_format_source":"default","date_format":"M j, Y"},{"id":"categories","enabled":false,"label":"In","style":"simple"},{"id":"comments","enabled":true}],"page_meta_elements":{"joined":true,"articles_count":true,"comments":true}},{"id":"breadcrumbs","enabled":false}],"ee22a3572202750f968be8a1ba560054":"","hero_alignment1":"CT_CSS_SKIP_RULE","hero_margin":40,"hero_alignment2":"center","hero_vertical_alignment":"center","7e564e052697317af9efb915c566b5df":"","hero_structure":"narrow","4537bd8aa4756072752e0f23a3371357":"","page_title_bg_type":"featured_image","custom_hero_background":{"attachment_id":null},"page_title_image_size":"full","parallax":{"desktop":false,"tablet":false,"mobile":false},"e7d6cb9b61dc9375e9a731ef76ea62f9":"","hero_height":"250px","pageTitleFont":{"family":"Default","variation":"Default","size":"30px","line-height":"CT_CSS_SKIP_RULE","letter-spacing":"CT_CSS_SKIP_RULE","text-transform":"CT_CSS_SKIP_RULE","text-decoration":"CT_CSS_SKIP_RULE"},"pageTitleFontColor":{"default":{"color":"CT_CSS_SKIP_RULEDEFAULT"}},"pageMetaFont":{"family":"Default","variation":"n6","size":"12px","line-height":"1.3","letter-spacing":"CT_CSS_SKIP_RULE","text-transform":"uppercase","text-decoration":"CT_CSS_SKIP_RULE"},"pageMetaFontColor":{"default":{"color":"CT_CSS_SKIP_RULEDEFAULT"},"hover":{"color":"CT_CSS_SKIP_RULEDEFAULT"}},"page_meta_button_type_font_colors":{"default":{"color":"CT_CSS_SKIP_RULEDEFAULT"},"hover":{"color":"CT_CSS_SKIP_RULEDEFAULT"}},"page_meta_button_type_background_colors":{"default":{"color":"CT_CSS_SKIP_RULEDEFAULT"},"hover":{"color":"CT_CSS_SKIP_RULEDEFAULT"}},"pageExcerptFont":{"family":"Default","variation":"Default","size":"CT_CSS_SKIP_RULE","line-height":"CT_CSS_SKIP_RULE","letter-spacing":"CT_CSS_SKIP_RULE","text-transform":"CT_CSS_SKIP_RULE","text-decoration":"CT_CSS_SKIP_RULE"},"pageExcerptColor":{"default":{"color":"CT_CSS_SKIP_RULEDEFAULT"}},"breadcrumbsFont":{"family":"Default","variation":"Default","size":"CT_CSS_SKIP_RULE","line-height":"CT_CSS_SKIP_RULE","letter-spacing":"CT_CSS_SKIP_RULE","text-transform":"CT_CSS_SKIP_RULE","text-decoration":"CT_CSS_SKIP_RULE"},"breadcrumbsFontColor":{"default":{"color":"CT_CSS_SKIP_RULEDEFAULT"},"initial":{"color":"CT_CSS_SKIP_RULEDEFAULT"},"hover":{"color":"CT_CSS_SKIP_RULEDEFAULT"}},"pageTitleOverlay":{"background_type":"color","background_pattern":"type-1","background_image":{"attachment_id":null,"x":0,"y":0},"gradient":"linear-gradient(135deg,rgba(6,147,227,1) 0%,rgb(155,81,224) 100%)","background_repeat":"repeat","background_size":"auto","background_attachment":"scroll","patternColor":{"default":{"color":"#e5e7ea"}},"overlayColor":{"default":{"color":"CT_CSS_SKIP_RULE"}},"backgroundColor":{"default":{"color":"CT_CSS_SKIP_RULE"}}},"pageTitleBackground":{"background_type":"color","background_pattern":"type-1","background_image":{"attachment_id":null,"x":0,"y":0},"gradient":"linear-gradient(135deg,rgba(6,147,227,1) 0%,rgb(155,81,224) 100%)","background_repeat":"repeat","background_size":"auto","background_attachment":"scroll","patternColor":{"default":{"color":"#e5e7ea"}},"overlayColor":{"default":{"color":"CT_CSS_SKIP_RULE"}},"backgroundColor":{"default":{"color":"var(--theme-palette-color-6)"}}},"pageTitlePadding":{"top":"50px","bottom":"50px","left":"auto","right":"auto","linked":true},"9594b949e5b7eac790c20f18a66344ec":"","page_structure_type":"default","b3c19357fc1aac9b9ba16039964435fe":"","content_style_source":"inherit","content_style":"wide","vertical_spacing_source":"custom","content_area_spacing":"none","background":{"background_type":"color","background_pattern":"type-1","background_image":{"attachment_id":null,"x":0,"y":0},"gradient":"linear-gradient(135deg,rgba(6,147,227,1) 0%,rgb(155,81,224) 100%)","background_repeat":"repeat","background_size":"auto","background_attachment":"scroll","patternColor":{"default":{"color":"#e5e7ea"}},"overlayColor":{"default":{"color":"CT_CSS_SKIP_RULE"}},"backgroundColor":{"default":{"color":"CT_CSS_SKIP_RULE"}}},"content_background":{"background_type":"color","background_pattern":"type-1","background_image":{"attachment_id":null,"x":0,"y":0},"gradient":"linear-gradient(135deg,rgba(6,147,227,1) 0%,rgb(155,81,224) 100%)","background_repeat":"repeat","background_size":"auto","background_attachment":"scroll","patternColor":{"default":{"color":"#e5e7ea"}},"overlayColor":{"default":{"color":"CT_CSS_SKIP_RULE"}},"backgroundColor":{"default":{"color":"var(--theme-palette-color-8)"}}},"content_boxed_shadow":{"inherit":false,"blur":18,"spread":-6,"v_offset":12,"h_offset":0,"inset":false,"enable":true,"color":{"color":"rgba(34, 56, 101, 0.04)"}},"content_boxed_border":{"width":1,"style":"none","color":{"color":"rgba(44,62,80,0.2)"}},"content_boxed_radius":{"top":"3px","bottom":"3px","left":"3px","right":"3px","linked":true},"boxed_content_spacing":{"desktop":{"top":"40px","bottom":"40px","left":"40px","right":"40px","linked":true},"tablet":{"top":"35px","bottom":"35px","left":"35px","right":"35px","linked":true},"mobile":{"top":"20px","bottom":"20px","left":"20px","right":"20px","linked":true}},"f00738e0ec7a991b33f9e30ef07ece20":"","disable_featured_image":"no","disable_share_box":"no","disable_header":"no","disable_footer":"no"},"_links":{"self":[{"href":"https:\/\/chrisclasses.com\/index.php?rest_route=\/wp\/v2\/pages\/14","targetHints":{"allow":["GET"]}}],"collection":[{"href":"https:\/\/chrisclasses.com\/index.php?rest_route=\/wp\/v2\/pages"}],"about":[{"href":"https:\/\/chrisclasses.com\/index.php?rest_route=\/wp\/v2\/types\/page"}],"author":[{"embeddable":true,"href":"https:\/\/chrisclasses.com\/index.php?rest_route=\/wp\/v2\/users\/1"}],"replies":[{"embeddable":true,"href":"https:\/\/chrisclasses.com\/index.php?rest_route=%2Fwp%2Fv2%2Fcomments&post=14"}],"version-history":[{"count":10,"href":"https:\/\/chrisclasses.com\/index.php?rest_route=\/wp\/v2\/pages\/14\/revisions"}],"predecessor-version":[{"id":799,"href":"https:\/\/chrisclasses.com\/index.php?rest_route=\/wp\/v2\/pages\/14\/revisions\/799"}],"wp:attachment":[{"href":"https:\/\/chrisclasses.com\/index.php?rest_route=%2Fwp%2Fv2%2Fmedia&parent=14"}],"curies":[{"name":"wp","href":"https:\/\/api.w.org\/{rel}","templated":true}]}}